{"id":1077,"date":"2025-03-24T09:24:23","date_gmt":"2025-03-24T06:24:23","guid":{"rendered":"https:\/\/investbd.com.tr\/?page_id=1077"},"modified":"2025-03-24T09:27:07","modified_gmt":"2025-03-24T06:27:07","slug":"kalite","status":"publish","type":"page","link":"https:\/\/investbd.com.tr\/?page_id=1077","title":{"rendered":"Kalite Politikam\u0131z"},"content":{"rendered":"\t\t<div data-elementor-type=\"wp-post\" data-elementor-id=\"1077\" class=\"elementor elementor-1077\" data-elementor-post-type=\"page\">\n\t\t\t\t\t\t<section data-particle_enable=\"false\" data-particle-mobile-disabled=\"false\" class=\"elementor-section elementor-top-section elementor-element elementor-element-6e99129 elementor-section-boxed elementor-section-height-default elementor-section-height-default\" data-id=\"6e99129\" data-element_type=\"section\" data-settings=\"{&quot;background_background&quot;:&quot;classic&quot;}\">\n\t\t\t\t\t\t\t<div class=\"elementor-background-overlay\"><\/div>\n\t\t\t\t\t\t\t<div class=\"elementor-container elementor-column-gap-no\">\n\t\t\t\t\t<div class=\"elementor-column elementor-col-100 elementor-top-column elementor-element elementor-element-4416359\" data-id=\"4416359\" data-element_type=\"column\">\n\t\t\t<div class=\"elementor-widget-wrap elementor-element-populated\">\n\t\t\t\t\t\t<div class=\"elementor-element elementor-element-18999a8 elementor-widget elementor-widget-heading\" data-id=\"18999a8\" data-element_type=\"widget\" data-widget_type=\"heading.default\">\n\t\t\t\t<div class=\"elementor-widget-container\">\n\t\t\t\t\t<h5 class=\"elementor-heading-title elementor-size-default\"><a href=\"https:\/\/investbd.com.tr\/?page_id=797\">Kurumsal<\/a><\/h5>\t\t\t\t<\/div>\n\t\t\t\t<\/div>\n\t\t\t\t<div class=\"elementor-element elementor-element-754968b elementor-widget elementor-widget-heading\" data-id=\"754968b\" data-element_type=\"widget\" data-widget_type=\"heading.default\">\n\t\t\t\t<div class=\"elementor-widget-container\">\n\t\t\t\t\t<h1 class=\"elementor-heading-title elementor-size-default\"><a href=\"https:\/\/investbd.com.tr\/?page_id=1077&#038;preview=true\">Kalite Politikam\u0131z<\/a><\/h1>\t\t\t\t<\/div>\n\t\t\t\t<\/div>\n\t\t\t\t\t<\/div>\n\t\t<\/div>\n\t\t\t\t\t<\/div>\n\t\t<\/section>\n\t\t\t\t<section data-particle_enable=\"false\" data-particle-mobile-disabled=\"false\" class=\"elementor-section elementor-top-section elementor-element elementor-element-6785f070 elementor-section-content-middle elementor-section-boxed elementor-section-height-default elementor-section-height-default\" data-id=\"6785f070\" data-element_type=\"section\" data-settings=\"{&quot;background_background&quot;:&quot;classic&quot;}\">\n\t\t\t\t\t\t<div class=\"elementor-container elementor-column-gap-no\">\n\t\t\t\t\t<div class=\"elementor-column elementor-col-50 elementor-top-column elementor-element elementor-element-236a079\" data-id=\"236a079\" data-element_type=\"column\">\n\t\t\t<div class=\"elementor-widget-wrap elementor-element-populated\">\n\t\t\t\t\t\t<div class=\"elementor-element elementor-element-9195fc7 elementor-widget elementor-widget-text-editor\" data-id=\"9195fc7\" data-element_type=\"widget\" data-widget_type=\"text-editor.default\">\n\t\t\t\t<div class=\"elementor-widget-container\">\n\t\t\t\t\t\t\t\t\t<p>Sekt\u00f6r\u00fcm\u00fcz\u00fcn vermi\u015f oldu\u011fu bilin\u00e7le, g\u00fcn\u00fcm\u00fcz \u015fartlar\u0131nda her t\u00fcrl\u00fc teknolojiyi kullanarak, en iyi kalitede hizmet vermek ve s\u00fcrekli iyile\u015ftirilmesini sa\u011flamak,<\/p><p>Kurum ve ki\u015filere en \u00fcst kalitede hizmet sunmak,<\/p><p>M\u00fc\u015fterilerimize y\u00fcksek standartlarda ve proaktif \u00e7\u00f6z\u00fcm \u00f6nerilerini sunmak,<\/p><p>Se\u00e7kin ve profesyonel ekibimizin, kariyer ve ki\u015fisel geli\u015fimlerine yapt\u0131\u011f\u0131m\u0131z yat\u0131r\u0131mlarla y\u00fcksek hizmet standartlar\u0131m\u0131z\u0131n s\u00fcreklili\u011fi sa\u011flamak,<\/p><p>Sorunlara yakla\u015f\u0131m ve kreatif \u00e7\u00f6z\u00fcm teknikleri ile \u00e7\u00f6z\u00fcm odakl\u0131 olmak,<\/p><p>Y\u00fcksek disiplin ve i\u015f ahlak\u0131 ile s\u00fcratli \u00e7al\u0131\u015farak zaman\u0131nda sunum yapmak,<\/p><p>Yerel ve uluslararas\u0131 geni\u015f tecr\u00fcbemizi, servis \u00e7e\u015fitlili\u011fi ile global kalitede sunmak.<\/p><p>Kalite Y\u00f6netim Sistemi standartlar\u0131ndan taviz vermeden hedeflerimizin belirlenmesi, g\u00f6zden ge\u00e7irilmesi ve sistemin s\u00fcrekli iyile\u015ftirilmesini sa\u011flamak.<\/p>\t\t\t\t\t\t\t\t<\/div>\n\t\t\t\t<\/div>\n\t\t\t\t\t<\/div>\n\t\t<\/div>\n\t\t\t\t<div class=\"elementor-column elementor-col-50 elementor-top-column elementor-element elementor-element-2c9a3eef\" data-id=\"2c9a3eef\" data-element_type=\"column\" data-settings=\"{&quot;background_background&quot;:&quot;classic&quot;}\">\n\t\t\t<div class=\"elementor-widget-wrap elementor-element-populated\">\n\t\t\t\t\t\t<div class=\"elementor-element elementor-element-a08fabf elementor-widget elementor-widget-image\" data-id=\"a08fabf\" data-element_type=\"widget\" data-widget_type=\"image.default\">\n\t\t\t\t<div class=\"elementor-widget-container\">\n\t\t\t\t\t\t\t\t\t\t\t\t\t\t\t<img fetchpriority=\"high\" decoding=\"async\" width=\"400\" height=\"400\" src=\"https:\/\/investbd.com.tr\/wp-content\/uploads\/2019\/06\/feature1-free-img.png\" class=\"attachment-full size-full wp-image-125\" alt=\"\" srcset=\"https:\/\/investbd.com.tr\/wp-content\/uploads\/2019\/06\/feature1-free-img.png 400w, https:\/\/investbd.com.tr\/wp-content\/uploads\/2019\/06\/feature1-free-img-300x300.png 300w, https:\/\/investbd.com.tr\/wp-content\/uploads\/2019\/06\/feature1-free-img-150x150.png 150w\" sizes=\"(max-width: 400px) 100vw, 400px\" \/>\t\t\t\t\t\t\t\t\t\t\t\t\t\t\t<\/div>\n\t\t\t\t<\/div>\n\t\t\t\t\t<\/div>\n\t\t<\/div>\n\t\t\t\t\t<\/div>\n\t\t<\/section>\n\t\t\t\t<\/div>\n\t\t","protected":false},"excerpt":{"rendered":"<p>Kurumsal Kalite Politikam\u0131z Sekt\u00f6r\u00fcm\u00fcz\u00fcn vermi\u015f oldu\u011fu bilin\u00e7le, g\u00fcn\u00fcm\u00fcz \u015fartlar\u0131nda her t\u00fcrl\u00fc teknolojiyi kullanarak, en iyi kalitede hizmet vermek ve s\u00fcrekli iyile\u015ftirilmesini sa\u011flamak, Kurum ve ki\u015filere en \u00fcst kalitede hizmet sunmak, M\u00fc\u015fterilerimize y\u00fcksek standartlarda ve proaktif \u00e7\u00f6z\u00fcm \u00f6nerilerini sunmak, Se\u00e7kin ve profesyonel ekibimizin, kariyer ve ki\u015fisel geli\u015fimlerine yapt\u0131\u011f\u0131m\u0131z yat\u0131r\u0131mlarla y\u00fcksek hizmet standartlar\u0131m\u0131z\u0131n s\u00fcreklili\u011fi sa\u011flamak, Sorunlara yakla\u015f\u0131m [&hellip;]<\/p>\n","protected":false},"author":1,"featured_media":0,"parent":0,"menu_order":0,"comment_status":"closed","ping_status":"closed","template":"","meta":{"site-sidebar-layout":"default","site-content-layout":"page-builder","ast-site-content-layout":"","site-content-style":"default","site-sidebar-style":"default","ast-global-header-display":"","ast-banner-title-visibility":"","ast-main-header-display":"","ast-hfb-above-header-display":"","ast-hfb-below-header-display":"","ast-hfb-mobile-header-display":"","site-post-title":"disabled","ast-breadcrumbs-content":"","ast-featured-img":"disabled","footer-sml-layout":"","theme-transparent-header-meta":"enabled","adv-header-id-meta":"","stick-header-meta":"","header-above-stick-meta":"","header-main-stick-meta":"","header-below-stick-meta":"","astra-migrate-meta-layouts":"default","ast-page-background-enabled":"default","ast-page-background-meta":{"desktop":{"background-color":"","background-image":"","background-repeat":"repeat","background-position":"center center","background-size":"auto","background-attachment":"scroll","background-type":"","background-media":"","overlay-type":"","overlay-color":"","overlay-opacity":"","overlay-gradient":""},"tablet":{"background-color":"","background-image":"","background-repeat":"repeat","background-position":"center center","background-size":"auto","background-attachment":"scroll","background-type":"","background-media":"","overlay-type":"","overlay-color":"","overlay-opacity":"","overlay-gradient":""},"mobile":{"background-color":"","background-image":"","background-repeat":"repeat","background-position":"center center","background-size":"auto","background-attachment":"scroll","background-type":"","background-media":"","overlay-type":"","overlay-color":"","overlay-opacity":"","overlay-gradient":""}},"ast-content-background-meta":{"desktop":{"background-color":"var(--ast-global-color-5)","background-image":"","background-repeat":"repeat","background-position":"center center","background-size":"auto","background-attachment":"scroll","background-type":"","background-media":"","overlay-type":"","overlay-color":"","overlay-opacity":"","overlay-gradient":""},"tablet":{"background-color":"var(--ast-global-color-5)","background-image":"","background-repeat":"repeat","background-position":"center center","background-size":"auto","background-attachment":"scroll","background-type":"","background-media":"","overlay-type":"","overlay-color":"","overlay-opacity":"","overlay-gradient":""},"mobile":{"background-color":"var(--ast-global-color-5)","background-image":"","background-repeat":"repeat","background-position":"center center","background-size":"auto","background-attachment":"scroll","background-type":"","background-media":"","overlay-type":"","overlay-color":"","overlay-opacity":"","overlay-gradient":""}},"footnotes":""},"class_list":["post-1077","page","type-page","status-publish","hentry"],"_links":{"self":[{"href":"https:\/\/investbd.com.tr\/index.php?rest_route=\/wp\/v2\/pages\/1077","targetHints":{"allow":["GET"]}}],"collection":[{"href":"https:\/\/investbd.com.tr\/index.php?rest_route=\/wp\/v2\/pages"}],"about":[{"href":"https:\/\/investbd.com.tr\/index.php?rest_route=\/wp\/v2\/types\/page"}],"author":[{"embeddable":true,"href":"https:\/\/investbd.com.tr\/index.php?rest_route=\/wp\/v2\/users\/1"}],"replies":[{"embeddable":true,"href":"https:\/\/investbd.com.tr\/index.php?rest_route=%2Fwp%2Fv2%2Fcomments&post=1077"}],"version-history":[{"count":4,"href":"https:\/\/investbd.com.tr\/index.php?rest_route=\/wp\/v2\/pages\/1077\/revisions"}],"predecessor-version":[{"id":1081,"href":"https:\/\/investbd.com.tr\/index.php?rest_route=\/wp\/v2\/pages\/1077\/revisions\/1081"}],"wp:attachment":[{"href":"https:\/\/investbd.com.tr\/index.php?rest_route=%2Fwp%2Fv2%2Fmedia&parent=1077"}],"curies":[{"name":"wp","href":"https:\/\/api.w.org\/{rel}","templated":true}]}}