{"id":1082,"date":"2025-03-24T09:28:54","date_gmt":"2025-03-24T06:28:54","guid":{"rendered":"https:\/\/investbd.com.tr\/?page_id=1082"},"modified":"2025-03-24T11:42:30","modified_gmt":"2025-03-24T08:42:30","slug":"misyonumuz","status":"publish","type":"page","link":"https:\/\/investbd.com.tr\/?page_id=1082","title":{"rendered":"Misyonumuz"},"content":{"rendered":"\t\t<div data-elementor-type=\"wp-post\" data-elementor-id=\"1082\" class=\"elementor elementor-1082\" data-elementor-post-type=\"page\">\n\t\t\t\t\t\t<section data-particle_enable=\"false\" data-particle-mobile-disabled=\"false\" class=\"elementor-section elementor-top-section elementor-element elementor-element-6e99129 elementor-section-boxed elementor-section-height-default elementor-section-height-default\" data-id=\"6e99129\" data-element_type=\"section\" data-settings=\"{&quot;background_background&quot;:&quot;classic&quot;}\">\n\t\t\t\t\t\t\t<div class=\"elementor-background-overlay\"><\/div>\n\t\t\t\t\t\t\t<div class=\"elementor-container elementor-column-gap-no\">\n\t\t\t\t\t<div class=\"elementor-column elementor-col-100 elementor-top-column elementor-element elementor-element-4416359\" data-id=\"4416359\" data-element_type=\"column\">\n\t\t\t<div class=\"elementor-widget-wrap elementor-element-populated\">\n\t\t\t\t\t\t<div class=\"elementor-element elementor-element-18999a8 elementor-widget elementor-widget-heading\" data-id=\"18999a8\" data-element_type=\"widget\" data-widget_type=\"heading.default\">\n\t\t\t\t<div class=\"elementor-widget-container\">\n\t\t\t\t\t<h5 class=\"elementor-heading-title elementor-size-default\"><a href=\"https:\/\/investbd.com.tr\/?page_id=797\">Kurumsal<\/a><\/h5>\t\t\t\t<\/div>\n\t\t\t\t<\/div>\n\t\t\t\t<div class=\"elementor-element elementor-element-754968b elementor-widget elementor-widget-heading\" data-id=\"754968b\" data-element_type=\"widget\" data-widget_type=\"heading.default\">\n\t\t\t\t<div class=\"elementor-widget-container\">\n\t\t\t\t\t<h1 class=\"elementor-heading-title elementor-size-default\"><a href=\"https:\/\/investbd.com.tr\/?page_id=1082&#038;preview=true\">Misyonumuz<\/a><\/h1>\t\t\t\t<\/div>\n\t\t\t\t<\/div>\n\t\t\t\t\t<\/div>\n\t\t<\/div>\n\t\t\t\t\t<\/div>\n\t\t<\/section>\n\t\t\t\t<section data-particle_enable=\"false\" data-particle-mobile-disabled=\"false\" class=\"elementor-section elementor-top-section elementor-element elementor-element-6785f070 elementor-section-content-middle elementor-section-boxed elementor-section-height-default elementor-section-height-default\" data-id=\"6785f070\" data-element_type=\"section\" data-settings=\"{&quot;background_background&quot;:&quot;classic&quot;}\">\n\t\t\t\t\t\t<div class=\"elementor-container elementor-column-gap-no\">\n\t\t\t\t\t<div class=\"elementor-column elementor-col-50 elementor-top-column elementor-element elementor-element-236a079\" data-id=\"236a079\" data-element_type=\"column\">\n\t\t\t<div class=\"elementor-widget-wrap elementor-element-populated\">\n\t\t\t\t\t\t<div class=\"elementor-element elementor-element-9195fc7 elementor-widget elementor-widget-text-editor\" data-id=\"9195fc7\" data-element_type=\"widget\" data-widget_type=\"text-editor.default\">\n\t\t\t\t<div class=\"elementor-widget-container\">\n\t\t\t\t\t\t\t\t\t<p style=\"text-align: justify;\">Bu vizyonu ger\u00e7ekle\u015ftirmek anlam\u0131nda her \u0130nvest \u00c7al\u0131\u015fan\u0131, m\u00fc\u015fterilerine maksimum Fayda da ( verim ve kalitede) hizmet sunmak i\u00e7in \u00e7al\u0131\u015f\u0131r. Bu ba\u011flamda m\u00fc\u015fterilerinin arzu etti\u011fi verimli, y\u00fcksek kalite, Ekonomik konj\u00f6kt\u00fcre ve sekt\u00f6rlere hizmette kalite sa\u011flar. T\u00fcrkiye&#8217;nin Ba\u011f\u0131ms\u0131z denetimin yap\u0131ld\u0131\u011f\u0131 her b\u00f6lgede, her sekt\u00f6rde, m\u00fc\u015fterilerine teknik ve ticari anlamda hizmet sunar. M\u00fc\u015fteri grubuna \u00e7ok yak\u0131n \u00e7al\u0131\u015f\u0131r ve onlara tatmin edecek en y\u00fcksek kazanc\u0131 sa\u011flamak, bu konuda destek olmak i\u00e7in hizmet tedarik zinciri ile ortakla\u015fa projeler ger\u00e7ekle\u015ftirir.<\/p>\t\t\t\t\t\t\t\t<\/div>\n\t\t\t\t<\/div>\n\t\t\t\t\t<\/div>\n\t\t<\/div>\n\t\t\t\t<div class=\"elementor-column elementor-col-50 elementor-top-column elementor-element elementor-element-2c9a3eef\" data-id=\"2c9a3eef\" data-element_type=\"column\" data-settings=\"{&quot;background_background&quot;:&quot;classic&quot;}\">\n\t\t\t<div class=\"elementor-widget-wrap elementor-element-populated\">\n\t\t\t\t\t\t<div class=\"elementor-element elementor-element-a08fabf elementor-widget elementor-widget-image\" data-id=\"a08fabf\" data-element_type=\"widget\" data-widget_type=\"image.default\">\n\t\t\t\t<div class=\"elementor-widget-container\">\n\t\t\t\t\t\t\t\t\t\t\t\t\t\t\t<img fetchpriority=\"high\" decoding=\"async\" width=\"400\" height=\"300\" src=\"https:\/\/investbd.com.tr\/wp-content\/uploads\/2025\/03\/misyonumuz.jpg\" class=\"attachment-full size-full wp-image-1090\" alt=\"\" srcset=\"https:\/\/investbd.com.tr\/wp-content\/uploads\/2025\/03\/misyonumuz.jpg 400w, https:\/\/investbd.com.tr\/wp-content\/uploads\/2025\/03\/misyonumuz-300x225.jpg 300w\" sizes=\"(max-width: 400px) 100vw, 400px\" \/>\t\t\t\t\t\t\t\t\t\t\t\t\t\t\t<\/div>\n\t\t\t\t<\/div>\n\t\t\t\t\t<\/div>\n\t\t<\/div>\n\t\t\t\t\t<\/div>\n\t\t<\/section>\n\t\t\t\t<\/div>\n\t\t","protected":false},"excerpt":{"rendered":"<p>Kurumsal Misyonumuz Bu vizyonu ger\u00e7ekle\u015ftirmek anlam\u0131nda her \u0130nvest \u00c7al\u0131\u015fan\u0131, m\u00fc\u015fterilerine maksimum Fayda da ( verim ve kalitede) hizmet sunmak i\u00e7in \u00e7al\u0131\u015f\u0131r. Bu ba\u011flamda m\u00fc\u015fterilerinin arzu etti\u011fi verimli, y\u00fcksek kalite, Ekonomik konj\u00f6kt\u00fcre ve sekt\u00f6rlere hizmette kalite sa\u011flar. T\u00fcrkiye&#8217;nin Ba\u011f\u0131ms\u0131z denetimin yap\u0131ld\u0131\u011f\u0131 her b\u00f6lgede, her sekt\u00f6rde, m\u00fc\u015fterilerine teknik ve ticari anlamda hizmet sunar. M\u00fc\u015fteri grubuna \u00e7ok yak\u0131n [&hellip;]<\/p>\n","protected":false},"author":1,"featured_media":0,"parent":0,"menu_order":0,"comment_status":"closed","ping_status":"closed","template":"","meta":{"site-sidebar-layout":"default","site-content-layout":"page-builder","ast-site-content-layout":"","site-content-style":"default","site-sidebar-style":"default","ast-global-header-display":"","ast-banner-title-visibility":"","ast-main-header-display":"","ast-hfb-above-header-display":"","ast-hfb-below-header-display":"","ast-hfb-mobile-header-display":"","site-post-title":"disabled","ast-breadcrumbs-content":"","ast-featured-img":"disabled","footer-sml-layout":"","theme-transparent-header-meta":"enabled","adv-header-id-meta":"","stick-header-meta":"","header-above-stick-meta":"","header-main-stick-meta":"","header-below-stick-meta":"","astra-migrate-meta-layouts":"default","ast-page-background-enabled":"default","ast-page-background-meta":{"desktop":{"background-color":"","background-image":"","background-repeat":"repeat","background-position":"center center","background-size":"auto","background-attachment":"scroll","background-type":"","background-media":"","overlay-type":"","overlay-color":"","overlay-opacity":"","overlay-gradient":""},"tablet":{"background-color":"","background-image":"","background-repeat":"repeat","background-position":"center center","background-size":"auto","background-attachment":"scroll","background-type":"","background-media":"","overlay-type":"","overlay-color":"","overlay-opacity":"","overlay-gradient":""},"mobile":{"background-color":"","background-image":"","background-repeat":"repeat","background-position":"center center","background-size":"auto","background-attachment":"scroll","background-type":"","background-media":"","overlay-type":"","overlay-color":"","overlay-opacity":"","overlay-gradient":""}},"ast-content-background-meta":{"desktop":{"background-color":"var(--ast-global-color-5)","background-image":"","background-repeat":"repeat","background-position":"center center","background-size":"auto","background-attachment":"scroll","background-type":"","background-media":"","overlay-type":"","overlay-color":"","overlay-opacity":"","overlay-gradient":""},"tablet":{"background-color":"var(--ast-global-color-5)","background-image":"","background-repeat":"repeat","background-position":"center center","background-size":"auto","background-attachment":"scroll","background-type":"","background-media":"","overlay-type":"","overlay-color":"","overlay-opacity":"","overlay-gradient":""},"mobile":{"background-color":"var(--ast-global-color-5)","background-image":"","background-repeat":"repeat","background-position":"center center","background-size":"auto","background-attachment":"scroll","background-type":"","background-media":"","overlay-type":"","overlay-color":"","overlay-opacity":"","overlay-gradient":""}},"footnotes":""},"class_list":["post-1082","page","type-page","status-publish","hentry"],"_links":{"self":[{"href":"https:\/\/investbd.com.tr\/index.php?rest_route=\/wp\/v2\/pages\/1082","targetHints":{"allow":["GET"]}}],"collection":[{"href":"https:\/\/investbd.com.tr\/index.php?rest_route=\/wp\/v2\/pages"}],"about":[{"href":"https:\/\/investbd.com.tr\/index.php?rest_route=\/wp\/v2\/types\/page"}],"author":[{"embeddable":true,"href":"https:\/\/investbd.com.tr\/index.php?rest_route=\/wp\/v2\/users\/1"}],"replies":[{"embeddable":true,"href":"https:\/\/investbd.com.tr\/index.php?rest_route=%2Fwp%2Fv2%2Fcomments&post=1082"}],"version-history":[{"count":16,"href":"https:\/\/investbd.com.tr\/index.php?rest_route=\/wp\/v2\/pages\/1082\/revisions"}],"predecessor-version":[{"id":1115,"href":"https:\/\/investbd.com.tr\/index.php?rest_route=\/wp\/v2\/pages\/1082\/revisions\/1115"}],"wp:attachment":[{"href":"https:\/\/investbd.com.tr\/index.php?rest_route=%2Fwp%2Fv2%2Fmedia&parent=1082"}],"curies":[{"name":"wp","href":"https:\/\/api.w.org\/{rel}","templated":true}]}}