{"id":310,"date":"2025-03-22T12:14:07","date_gmt":"2025-03-22T09:14:07","guid":{"rendered":"https:\/\/investbd.com.tr\/index.php\/about\/"},"modified":"2025-03-24T09:23:19","modified_gmt":"2025-03-24T06:23:19","slug":"hakkimizda","status":"publish","type":"page","link":"https:\/\/investbd.com.tr\/?page_id=310","title":{"rendered":"Hakk\u0131m\u0131zda"},"content":{"rendered":"\t\t<div data-elementor-type=\"wp-post\" data-elementor-id=\"310\" class=\"elementor elementor-310\" data-elementor-post-type=\"page\">\n\t\t\t\t\t\t<section data-particle_enable=\"false\" data-particle-mobile-disabled=\"false\" class=\"elementor-section elementor-top-section elementor-element elementor-element-6e99129 elementor-section-boxed elementor-section-height-default elementor-section-height-default\" data-id=\"6e99129\" data-element_type=\"section\" data-settings=\"{&quot;background_background&quot;:&quot;classic&quot;}\">\n\t\t\t\t\t\t\t<div class=\"elementor-background-overlay\"><\/div>\n\t\t\t\t\t\t\t<div class=\"elementor-container elementor-column-gap-no\">\n\t\t\t\t\t<div class=\"elementor-column elementor-col-100 elementor-top-column elementor-element elementor-element-4416359\" data-id=\"4416359\" data-element_type=\"column\">\n\t\t\t<div class=\"elementor-widget-wrap elementor-element-populated\">\n\t\t\t\t\t\t<div class=\"elementor-element elementor-element-18999a8 elementor-widget elementor-widget-heading\" data-id=\"18999a8\" data-element_type=\"widget\" data-widget_type=\"heading.default\">\n\t\t\t\t<div class=\"elementor-widget-container\">\n\t\t\t\t\t<h5 class=\"elementor-heading-title elementor-size-default\"><a href=\"https:\/\/investbd.com.tr\/?page_id=797\">Kurumsal<\/a><\/h5>\t\t\t\t<\/div>\n\t\t\t\t<\/div>\n\t\t\t\t<div class=\"elementor-element elementor-element-754968b elementor-widget elementor-widget-heading\" data-id=\"754968b\" data-element_type=\"widget\" data-widget_type=\"heading.default\">\n\t\t\t\t<div class=\"elementor-widget-container\">\n\t\t\t\t\t<h1 class=\"elementor-heading-title elementor-size-default\"><a href=\"https:\/\/investbd.com.tr\/?page_id=310\">Hakk\u0131m\u0131zda<\/a><\/h1>\t\t\t\t<\/div>\n\t\t\t\t<\/div>\n\t\t\t\t\t<\/div>\n\t\t<\/div>\n\t\t\t\t\t<\/div>\n\t\t<\/section>\n\t\t\t\t<section data-particle_enable=\"false\" data-particle-mobile-disabled=\"false\" class=\"elementor-section elementor-top-section elementor-element elementor-element-6785f070 elementor-section-content-middle elementor-section-boxed elementor-section-height-default elementor-section-height-default\" data-id=\"6785f070\" data-element_type=\"section\" data-settings=\"{&quot;background_background&quot;:&quot;classic&quot;}\">\n\t\t\t\t\t\t<div class=\"elementor-container elementor-column-gap-no\">\n\t\t\t\t\t<div class=\"elementor-column elementor-col-50 elementor-top-column elementor-element elementor-element-236a079\" data-id=\"236a079\" data-element_type=\"column\">\n\t\t\t<div class=\"elementor-widget-wrap elementor-element-populated\">\n\t\t\t\t\t\t<div class=\"elementor-element elementor-element-f54774f elementor-widget elementor-widget-heading\" data-id=\"f54774f\" data-element_type=\"widget\" data-widget_type=\"heading.default\">\n\t\t\t\t<div class=\"elementor-widget-container\">\n\t\t\t\t\t<h4 class=\"elementor-heading-title elementor-size-default\">26.Ekim 2015 tarihinde \u0130stanbul'da kurulmu\u015ftur.<\/h4>\t\t\t\t<\/div>\n\t\t\t\t<\/div>\n\t\t\t\t<div class=\"elementor-element elementor-element-9195fc7 elementor-widget elementor-widget-text-editor\" data-id=\"9195fc7\" data-element_type=\"widget\" data-widget_type=\"text-editor.default\">\n\t\t\t\t<div class=\"elementor-widget-container\">\n\t\t\t\t\t\t\t\t\t<p style=\"text-align: justify;\">Firmam\u0131z, Serbest Muhasebeci Mali M\u00fc\u015favir Bahtiyar \u015eahin ve Hasan H\u00fcseyin Kayan taraf\u0131ndan kurulmu\u015f, 01.01.2019 tarihinden bu yana S.M.M.M\u00fc\u015favir Osman Ali \u00f6zkan&#8217;a ait bir kurulu\u015ftur. Ortak \u00c7al\u0131\u015fma istek ve arzusu \u201c B\u0130LG\u0130 G\u00dc\u00c7T\u00dcR\u201d Slogan\u0131 ile konusunda deneyimli Serbest Muhasebeci Mali M\u00fc\u015favirler ile Yeminli Mali M\u00fc\u015favirlerin ortakla\u015fa bir platformda yer ald\u0131\u011f\u0131, bir denetim kurulu\u015fudur. Paydam\u0131z \u201c B\u0130LG\u0130\u201d Pay\u0131m\u0131z ortakla\u015fa hizmeti s\u00fcrd\u00fcrmektir. \u015eirket merkezi Ata\u015fehir\/\u0130STANBUL adresinde kurulmu\u015ftur. Eyl\u00fcl 2020 Tarihinden itibaren Muratpa\u015fa\/ ANTALYA adresinde \u015eube olarak, ba\u011f\u0131ms\u0131z denetim, dan\u0131\u015fmanl\u0131k, \u0130\u00e7 Kontrol, hile denetimi, analitik kontrol, analiz, \u015firket de\u011ferlemesi, e\u011fitim, nitelikli inceleme ve Revizyon \u00e7al\u0131\u015fmalar\u0131 ile faaliyetini y\u00fcr\u00fctmektedir.<\/p><p><b><span style=\"color: #ff0000;\">Kalite<\/span>\u00a0 <\/b>Tak\u0131m Ruhu I\u00e7erisinde \u015eirket Ve Birim Hedeflerine Ula\u015f\u0131lmas\u0131<\/p><p><b><span style=\"color: #ff0000;\">G\u00fcven<\/span>\u00a0 <\/b>G\u00fczel Dostluklara Sa\u011fl\u0131kl\u0131 \u00d6m\u00fcr Kazand\u0131r\u0131r.<\/p><p><span style=\"color: #ff0000;\"><b>Dinamizm<\/b><\/span>\u00a0 Canl\u0131 Ve G\u00fc\u00e7l\u00fc Ekibimiz Ile Sorunlar H\u0131zl\u0131ca \u00c7\u00f6z\u00fcl\u00fcr.<\/p><p><b><span style=\"color: #ff0000;\">Yenilik\u00e7ilik<\/span>\u00a0 <\/b>\u015eirketimizin T\u00fcm Organlar\u0131nda Global G\u00fcncellemeri Takip Ediyoruz.<\/p>\t\t\t\t\t\t\t\t<\/div>\n\t\t\t\t<\/div>\n\t\t\t\t\t<\/div>\n\t\t<\/div>\n\t\t\t\t<div class=\"elementor-column elementor-col-50 elementor-top-column elementor-element elementor-element-2c9a3eef\" data-id=\"2c9a3eef\" data-element_type=\"column\" data-settings=\"{&quot;background_background&quot;:&quot;classic&quot;}\">\n\t\t\t<div class=\"elementor-widget-wrap elementor-element-populated\">\n\t\t\t\t\t\t<div class=\"elementor-element elementor-element-a08fabf elementor-widget elementor-widget-image\" data-id=\"a08fabf\" data-element_type=\"widget\" data-widget_type=\"image.default\">\n\t\t\t\t<div class=\"elementor-widget-container\">\n\t\t\t\t\t\t\t\t\t\t\t\t\t\t\t<img fetchpriority=\"high\" decoding=\"async\" width=\"400\" height=\"400\" src=\"https:\/\/investbd.com.tr\/wp-content\/uploads\/2019\/06\/feature3-free-img.png\" class=\"attachment-full size-full wp-image-127\" alt=\"\" srcset=\"https:\/\/investbd.com.tr\/wp-content\/uploads\/2019\/06\/feature3-free-img.png 400w, https:\/\/investbd.com.tr\/wp-content\/uploads\/2019\/06\/feature3-free-img-300x300.png 300w, https:\/\/investbd.com.tr\/wp-content\/uploads\/2019\/06\/feature3-free-img-150x150.png 150w\" sizes=\"(max-width: 400px) 100vw, 400px\" \/>\t\t\t\t\t\t\t\t\t\t\t\t\t\t\t<\/div>\n\t\t\t\t<\/div>\n\t\t\t\t\t<\/div>\n\t\t<\/div>\n\t\t\t\t\t<\/div>\n\t\t<\/section>\n\t\t\t\t<section data-particle_enable=\"false\" data-particle-mobile-disabled=\"false\" class=\"elementor-section elementor-top-section elementor-element elementor-element-89c77b2 elementor-section-content-middle elementor-section-boxed elementor-section-height-default elementor-section-height-default\" data-id=\"89c77b2\" data-element_type=\"section\" data-settings=\"{&quot;background_background&quot;:&quot;classic&quot;}\">\n\t\t\t\t\t\t<div class=\"elementor-container elementor-column-gap-no\">\n\t\t\t\t\t<div class=\"elementor-column elementor-col-100 elementor-top-column elementor-element elementor-element-21a6776\" data-id=\"21a6776\" data-element_type=\"column\">\n\t\t\t<div class=\"elementor-widget-wrap elementor-element-populated\">\n\t\t\t\t\t\t<div class=\"elementor-element elementor-element-d830092 elementor-widget elementor-widget-heading\" data-id=\"d830092\" data-element_type=\"widget\" data-widget_type=\"heading.default\">\n\t\t\t\t<div class=\"elementor-widget-container\">\n\t\t\t\t\t<h4 class=\"elementor-heading-title elementor-size-default\">KURUCU FELSEFES\u0130<\/h4>\t\t\t\t<\/div>\n\t\t\t\t<\/div>\n\t\t\t\t<div class=\"elementor-element elementor-element-1ef07b1 elementor-widget elementor-widget-text-editor\" data-id=\"1ef07b1\" data-element_type=\"widget\" data-widget_type=\"text-editor.default\">\n\t\t\t\t<div class=\"elementor-widget-container\">\n\t\t\t\t\t\t\t\t\t<p>\u00a0<\/p><p>S\u00fcrd\u00fcr\u00fclebilir, yenili\u011fe a\u00e7\u0131k ve \u015firketlere de\u011fer yaratan bir sistem haline gelmek! \u00c7al\u0131\u015ft\u0131\u011f\u0131 sekt\u00f6rde her zaman en iyi olmak i\u00e7in \u00e7aba g\u00f6stermek! D\u00fcr\u00fcstl\u00fck ve Aidiyet ilkelerine g\u00f6re \u00e7al\u0131\u015fmak! Ne s\u00f6yl\u00fcyorsak onu yapmak ve uygulamak ad\u0131na s\u00fcrd\u00fcr\u00fclebilir bir b\u00fcy\u00fcme ile Ba\u011f\u0131ms\u0131z Denetim sekt\u00f6r\u00fcne en y\u00fcksek fayday\u0131 sa\u011flamak i\u00e7in&#8230;<\/p>\t\t\t\t\t\t\t\t<\/div>\n\t\t\t\t<\/div>\n\t\t\t\t\t<\/div>\n\t\t<\/div>\n\t\t\t\t\t<\/div>\n\t\t<\/section>\n\t\t\t\t<\/div>\n\t\t","protected":false},"excerpt":{"rendered":"<p>Kurumsal Hakk\u0131m\u0131zda 26.Ekim 2015 tarihinde \u0130stanbul&#8217;da kurulmu\u015ftur. Firmam\u0131z, Serbest Muhasebeci Mali M\u00fc\u015favir Bahtiyar \u015eahin ve Hasan H\u00fcseyin Kayan taraf\u0131ndan kurulmu\u015f, 01.01.2019 tarihinden bu yana S.M.M.M\u00fc\u015favir Osman Ali \u00f6zkan&#8217;a ait bir kurulu\u015ftur. Ortak \u00c7al\u0131\u015fma istek ve arzusu \u201c B\u0130LG\u0130 G\u00dc\u00c7T\u00dcR\u201d Slogan\u0131 ile konusunda deneyimli Serbest Muhasebeci Mali M\u00fc\u015favirler ile Yeminli Mali M\u00fc\u015favirlerin ortakla\u015fa bir platformda yer [&hellip;]<\/p>\n","protected":false},"author":1,"featured_media":0,"parent":0,"menu_order":0,"comment_status":"closed","ping_status":"closed","template":"","meta":{"site-sidebar-layout":"default","site-content-layout":"page-builder","ast-site-content-layout":"","site-content-style":"default","site-sidebar-style":"default","ast-global-header-display":"","ast-banner-title-visibility":"","ast-main-header-display":"","ast-hfb-above-header-display":"","ast-hfb-below-header-display":"","ast-hfb-mobile-header-display":"","site-post-title":"disabled","ast-breadcrumbs-content":"","ast-featured-img":"disabled","footer-sml-layout":"","theme-transparent-header-meta":"enabled","adv-header-id-meta":"","stick-header-meta":"","header-above-stick-meta":"","header-main-stick-meta":"","header-below-stick-meta":"","astra-migrate-meta-layouts":"default","ast-page-background-enabled":"default","ast-page-background-meta":{"desktop":{"background-color":"","background-image":"","background-repeat":"repeat","background-position":"center center","background-size":"auto","background-attachment":"scroll","background-type":"","background-media":"","overlay-type":"","overlay-color":"","overlay-opacity":"","overlay-gradient":""},"tablet":{"background-color":"","background-image":"","background-repeat":"repeat","background-position":"center center","background-size":"auto","background-attachment":"scroll","background-type":"","background-media":"","overlay-type":"","overlay-color":"","overlay-opacity":"","overlay-gradient":""},"mobile":{"background-color":"","background-image":"","background-repeat":"repeat","background-position":"center center","background-size":"auto","background-attachment":"scroll","background-type":"","background-media":"","overlay-type":"","overlay-color":"","overlay-opacity":"","overlay-gradient":""}},"ast-content-background-meta":{"desktop":{"background-color":"var(--ast-global-color-5)","background-image":"","background-repeat":"repeat","background-position":"center center","background-size":"auto","background-attachment":"scroll","background-type":"","background-media":"","overlay-type":"","overlay-color":"","overlay-opacity":"","overlay-gradient":""},"tablet":{"background-color":"var(--ast-global-color-5)","background-image":"","background-repeat":"repeat","background-position":"center center","background-size":"auto","background-attachment":"scroll","background-type":"","background-media":"","overlay-type":"","overlay-color":"","overlay-opacity":"","overlay-gradient":""},"mobile":{"background-color":"var(--ast-global-color-5)","background-image":"","background-repeat":"repeat","background-position":"center center","background-size":"auto","background-attachment":"scroll","background-type":"","background-media":"","overlay-type":"","overlay-color":"","overlay-opacity":"","overlay-gradient":""}},"footnotes":""},"class_list":["post-310","page","type-page","status-publish","hentry"],"_links":{"self":[{"href":"https:\/\/investbd.com.tr\/index.php?rest_route=\/wp\/v2\/pages\/310","targetHints":{"allow":["GET"]}}],"collection":[{"href":"https:\/\/investbd.com.tr\/index.php?rest_route=\/wp\/v2\/pages"}],"about":[{"href":"https:\/\/investbd.com.tr\/index.php?rest_route=\/wp\/v2\/types\/page"}],"author":[{"embeddable":true,"href":"https:\/\/investbd.com.tr\/index.php?rest_route=\/wp\/v2\/users\/1"}],"replies":[{"embeddable":true,"href":"https:\/\/investbd.com.tr\/index.php?rest_route=%2Fwp%2Fv2%2Fcomments&post=310"}],"version-history":[{"count":18,"href":"https:\/\/investbd.com.tr\/index.php?rest_route=\/wp\/v2\/pages\/310\/revisions"}],"predecessor-version":[{"id":1076,"href":"https:\/\/investbd.com.tr\/index.php?rest_route=\/wp\/v2\/pages\/310\/revisions\/1076"}],"wp:attachment":[{"href":"https:\/\/investbd.com.tr\/index.php?rest_route=%2Fwp%2Fv2%2Fmedia&parent=310"}],"curies":[{"name":"wp","href":"https:\/\/api.w.org\/{rel}","templated":true}]}}