{"id":639,"date":"2025-03-23T19:24:42","date_gmt":"2025-03-23T16:24:42","guid":{"rendered":"https:\/\/investbd.com.tr\/?page_id=639"},"modified":"2025-03-23T21:41:31","modified_gmt":"2025-03-23T18:41:31","slug":"vergi","status":"publish","type":"page","link":"https:\/\/investbd.com.tr\/?page_id=639","title":{"rendered":"Vergi Dan\u0131\u015fmanl\u0131\u011f\u0131 ve Mali Hukuk"},"content":{"rendered":"\t\t<div data-elementor-type=\"wp-post\" data-elementor-id=\"639\" class=\"elementor elementor-639\" data-elementor-post-type=\"page\">\n\t\t\t\t\t\t<section data-particle_enable=\"false\" data-particle-mobile-disabled=\"false\" class=\"elementor-section elementor-top-section elementor-element elementor-element-226bc03 elementor-section-boxed elementor-section-height-default elementor-section-height-default\" data-id=\"226bc03\" data-element_type=\"section\" data-settings=\"{&quot;background_background&quot;:&quot;classic&quot;}\">\n\t\t\t\t\t\t\t<div class=\"elementor-background-overlay\"><\/div>\n\t\t\t\t\t\t\t<div class=\"elementor-container elementor-column-gap-no\">\n\t\t\t\t\t<div class=\"elementor-column elementor-col-100 elementor-top-column elementor-element elementor-element-50d1d5b\" data-id=\"50d1d5b\" data-element_type=\"column\">\n\t\t\t<div class=\"elementor-widget-wrap elementor-element-populated\">\n\t\t\t\t\t\t<div class=\"elementor-element elementor-element-256d48a elementor-widget elementor-widget-heading\" data-id=\"256d48a\" data-element_type=\"widget\" data-widget_type=\"heading.default\">\n\t\t\t\t<div class=\"elementor-widget-container\">\n\t\t\t\t\t<h5 class=\"elementor-heading-title elementor-size-default\"><a href=\"https:\/\/investbd.com.tr\/?page_id=14\">Hizmetlerimiz<\/a><\/h5>\t\t\t\t<\/div>\n\t\t\t\t<\/div>\n\t\t\t\t<div class=\"elementor-element elementor-element-8c0d8b6 elementor-widget elementor-widget-heading\" data-id=\"8c0d8b6\" data-element_type=\"widget\" data-widget_type=\"heading.default\">\n\t\t\t\t<div class=\"elementor-widget-container\">\n\t\t\t\t\t<h1 class=\"elementor-heading-title elementor-size-default\">Vergi Dan\u0131\u015fmanl\u0131\u011f\u0131 ve Mali Hukuk<\/h1>\t\t\t\t<\/div>\n\t\t\t\t<\/div>\n\t\t\t\t\t<\/div>\n\t\t<\/div>\n\t\t\t\t\t<\/div>\n\t\t<\/section>\n\t\t\t\t<section data-particle_enable=\"false\" data-particle-mobile-disabled=\"false\" class=\"elementor-section elementor-top-section elementor-element elementor-element-df83d1b elementor-section-boxed elementor-section-height-default elementor-section-height-default\" data-id=\"df83d1b\" data-element_type=\"section\" data-settings=\"{&quot;background_background&quot;:&quot;classic&quot;}\">\n\t\t\t\t\t\t<div class=\"elementor-container elementor-column-gap-default\">\n\t\t\t\t\t<div class=\"elementor-column elementor-col-100 elementor-top-column elementor-element elementor-element-c7a12ec\" data-id=\"c7a12ec\" data-element_type=\"column\">\n\t\t\t<div class=\"elementor-widget-wrap elementor-element-populated\">\n\t\t\t\t\t\t<section data-particle_enable=\"false\" data-particle-mobile-disabled=\"false\" class=\"elementor-section elementor-inner-section elementor-element elementor-element-9cae0d9 elementor-section-content-middle elementor-section-boxed elementor-section-height-default elementor-section-height-default\" data-id=\"9cae0d9\" data-element_type=\"section\">\n\t\t\t\t\t\t<div class=\"elementor-container elementor-column-gap-no\">\n\t\t\t\t\t<div class=\"elementor-column elementor-col-50 elementor-inner-column elementor-element elementor-element-d87b051\" data-id=\"d87b051\" data-element_type=\"column\" data-settings=\"{&quot;background_background&quot;:&quot;classic&quot;}\">\n\t\t\t<div class=\"elementor-widget-wrap elementor-element-populated\">\n\t\t\t\t\t\t<div class=\"elementor-element elementor-element-0460452 elementor-widget elementor-widget-image\" data-id=\"0460452\" data-element_type=\"widget\" data-widget_type=\"image.default\">\n\t\t\t\t<div class=\"elementor-widget-container\">\n\t\t\t\t\t\t\t\t\t\t\t\t\t\t\t<img fetchpriority=\"high\" decoding=\"async\" width=\"800\" height=\"612\" src=\"https:\/\/investbd.com.tr\/wp-content\/uploads\/2025\/03\/H-Vergi-Danismanligi-ve-Mali-Hukuk.jpg\" class=\"attachment-large size-large wp-image-564\" alt=\"\" srcset=\"https:\/\/investbd.com.tr\/wp-content\/uploads\/2025\/03\/H-Vergi-Danismanligi-ve-Mali-Hukuk.jpg 800w, https:\/\/investbd.com.tr\/wp-content\/uploads\/2025\/03\/H-Vergi-Danismanligi-ve-Mali-Hukuk-300x230.jpg 300w, https:\/\/investbd.com.tr\/wp-content\/uploads\/2025\/03\/H-Vergi-Danismanligi-ve-Mali-Hukuk-768x588.jpg 768w\" sizes=\"(max-width: 800px) 100vw, 800px\" \/>\t\t\t\t\t\t\t\t\t\t\t\t\t\t\t<\/div>\n\t\t\t\t<\/div>\n\t\t\t\t\t<\/div>\n\t\t<\/div>\n\t\t\t\t<div class=\"elementor-column elementor-col-50 elementor-inner-column elementor-element elementor-element-62294be\" data-id=\"62294be\" data-element_type=\"column\">\n\t\t\t<div class=\"elementor-widget-wrap elementor-element-populated\">\n\t\t\t\t\t\t<div class=\"elementor-element elementor-element-658d8e1 elementor-widget elementor-widget-heading\" data-id=\"658d8e1\" data-element_type=\"widget\" data-widget_type=\"heading.default\">\n\t\t\t\t<div class=\"elementor-widget-container\">\n\t\t\t\t\t<h2 class=\"elementor-heading-title elementor-size-default\">Vergi Dan\u0131\u015fmanl\u0131\u011f\u0131 ve Mali Hukuk<\/h2>\t\t\t\t<\/div>\n\t\t\t\t<\/div>\n\t\t\t\t<div class=\"elementor-element elementor-element-973df35 elementor-widget elementor-widget-text-editor\" data-id=\"973df35\" data-element_type=\"widget\" data-widget_type=\"text-editor.default\">\n\t\t\t\t<div class=\"elementor-widget-container\">\n\t\t\t\t\t\t\t\t\t<ul><li>\u015eirket tasfiye i\u015flemleri ve iflas, konkordato dan\u0131\u015fmanl\u0131\u011f\u0131<\/li><li>Vergi dan\u0131\u015fmanl\u0131\u011f\u0131<\/li><li>Vergi incelemesi \u00f6ncesinde gerekli haz\u0131rl\u0131klar\u0131n yap\u0131lmas\u0131<\/li><li>Vergi incelemesi s\u00fcrecinde yap\u0131lan tespitlerle ilgili dan\u0131\u015fmanl\u0131k<\/li><li>Tarhiyat \u00f6ncesi ve sonras\u0131 uzla\u015fma yap\u0131lmas\u0131<\/li><li>Vergi mahkemelerine dava dosyalar\u0131 haz\u0131rlanmas\u0131, davan\u0131n takibi ve gerekirse temyiz merciine gidilmesi<\/li><li>Tereke i\u015fleri<\/li><\/ul>\t\t\t\t\t\t\t\t<\/div>\n\t\t\t\t<\/div>\n\t\t\t\t\t<\/div>\n\t\t<\/div>\n\t\t\t\t\t<\/div>\n\t\t<\/section>\n\t\t\t\t\t<\/div>\n\t\t<\/div>\n\t\t\t\t\t<\/div>\n\t\t<\/section>\n\t\t\t\t<\/div>\n\t\t","protected":false},"excerpt":{"rendered":"<p>Hizmetlerimiz Vergi Dan\u0131\u015fmanl\u0131\u011f\u0131 ve Mali Hukuk Vergi Dan\u0131\u015fmanl\u0131\u011f\u0131 ve Mali Hukuk \u015eirket tasfiye i\u015flemleri ve iflas, konkordato dan\u0131\u015fmanl\u0131\u011f\u0131 Vergi dan\u0131\u015fmanl\u0131\u011f\u0131 Vergi incelemesi \u00f6ncesinde gerekli haz\u0131rl\u0131klar\u0131n yap\u0131lmas\u0131 Vergi incelemesi s\u00fcrecinde yap\u0131lan tespitlerle ilgili dan\u0131\u015fmanl\u0131k Tarhiyat \u00f6ncesi ve sonras\u0131 uzla\u015fma yap\u0131lmas\u0131 Vergi mahkemelerine dava dosyalar\u0131 haz\u0131rlanmas\u0131, davan\u0131n takibi ve gerekirse temyiz merciine gidilmesi Tereke i\u015fleri<\/p>\n","protected":false},"author":1,"featured_media":0,"parent":0,"menu_order":0,"comment_status":"closed","ping_status":"closed","template":"","meta":{"site-sidebar-layout":"default","site-content-layout":"page-builder","ast-site-content-layout":"","site-content-style":"default","site-sidebar-style":"default","ast-global-header-display":"","ast-banner-title-visibility":"","ast-main-header-display":"","ast-hfb-above-header-display":"","ast-hfb-below-header-display":"","ast-hfb-mobile-header-display":"","site-post-title":"disabled","ast-breadcrumbs-content":"","ast-featured-img":"disabled","footer-sml-layout":"","theme-transparent-header-meta":"enabled","adv-header-id-meta":"","stick-header-meta":"","header-above-stick-meta":"","header-main-stick-meta":"","header-below-stick-meta":"","astra-migrate-meta-layouts":"default","ast-page-background-enabled":"default","ast-page-background-meta":{"desktop":{"background-color":"","background-image":"","background-repeat":"repeat","background-position":"center center","background-size":"auto","background-attachment":"scroll","background-type":"","background-media":"","overlay-type":"","overlay-color":"","overlay-opacity":"","overlay-gradient":""},"tablet":{"background-color":"","background-image":"","background-repeat":"repeat","background-position":"center center","background-size":"auto","background-attachment":"scroll","background-type":"","background-media":"","overlay-type":"","overlay-color":"","overlay-opacity":"","overlay-gradient":""},"mobile":{"background-color":"","background-image":"","background-repeat":"repeat","background-position":"center center","background-size":"auto","background-attachment":"scroll","background-type":"","background-media":"","overlay-type":"","overlay-color":"","overlay-opacity":"","overlay-gradient":""}},"ast-content-background-meta":{"desktop":{"background-color":"var(--ast-global-color-5)","background-image":"","background-repeat":"repeat","background-position":"center center","background-size":"auto","background-attachment":"scroll","background-type":"","background-media":"","overlay-type":"","overlay-color":"","overlay-opacity":"","overlay-gradient":""},"tablet":{"background-color":"var(--ast-global-color-5)","background-image":"","background-repeat":"repeat","background-position":"center center","background-size":"auto","background-attachment":"scroll","background-type":"","background-media":"","overlay-type":"","overlay-color":"","overlay-opacity":"","overlay-gradient":""},"mobile":{"background-color":"var(--ast-global-color-5)","background-image":"","background-repeat":"repeat","background-position":"center center","background-size":"auto","background-attachment":"scroll","background-type":"","background-media":"","overlay-type":"","overlay-color":"","overlay-opacity":"","overlay-gradient":""}},"footnotes":""},"class_list":["post-639","page","type-page","status-publish","hentry"],"_links":{"self":[{"href":"https:\/\/investbd.com.tr\/index.php?rest_route=\/wp\/v2\/pages\/639","targetHints":{"allow":["GET"]}}],"collection":[{"href":"https:\/\/investbd.com.tr\/index.php?rest_route=\/wp\/v2\/pages"}],"about":[{"href":"https:\/\/investbd.com.tr\/index.php?rest_route=\/wp\/v2\/types\/page"}],"author":[{"embeddable":true,"href":"https:\/\/investbd.com.tr\/index.php?rest_route=\/wp\/v2\/users\/1"}],"replies":[{"embeddable":true,"href":"https:\/\/investbd.com.tr\/index.php?rest_route=%2Fwp%2Fv2%2Fcomments&post=639"}],"version-history":[{"count":10,"href":"https:\/\/investbd.com.tr\/index.php?rest_route=\/wp\/v2\/pages\/639\/revisions"}],"predecessor-version":[{"id":796,"href":"https:\/\/investbd.com.tr\/index.php?rest_route=\/wp\/v2\/pages\/639\/revisions\/796"}],"wp:attachment":[{"href":"https:\/\/investbd.com.tr\/index.php?rest_route=%2Fwp%2Fv2%2Fmedia&parent=639"}],"curies":[{"name":"wp","href":"https:\/\/api.w.org\/{rel}","templated":true}]}}